{"id":92,"date":"2015-05-14T21:50:16","date_gmt":"2015-05-14T21:50:16","guid":{"rendered":"http:\/\/rstenfusenig.de\/wordpress\/?page_id=92"},"modified":"2025-12-02T10:43:17","modified_gmt":"2025-12-02T09:43:17","slug":"downloads","status":"publish","type":"page","link":"https:\/\/wordpress.imkerverband-berlin.de\/index.php\/downloads\/","title":{"rendered":"Downloads"},"content":{"rendered":"<p><strong>Aus und zum Verband:<\/strong><\/p>\n<p><a href=\"https:\/\/wordpress.imkerverband-berlin.de\/wp-content\/uploads\/2023\/01\/Satzung_Imkerverband-Berlin_2023-1.pdf\"><img loading=\"lazy\" decoding=\"async\" class=\" wp-image-114 size-full alignleft\" src=\"http:\/\/wordpress.imkerverband-berlin.de\/wp-content\/uploads\/2015\/05\/PDF_Logoklein.jpg\" alt=\"PDF_Logoklein\" width=\"50\" height=\"50\" \/><\/a><a href=\"https:\/\/wordpress.imkerverband-berlin.de\/wp-content\/uploads\/2023\/05\/Satzung_Imkerverband-Berlin_2023.pdf\" target=\"_blank\" rel=\"noopener\">Satzung des Imkerverband Berlin e.V. 2023<\/a><\/p>\n<p>&nbsp;<\/p>\n<p>&nbsp;<\/p>\n<p><a href=\"https:\/\/wordpress.imkerverband-berlin.de\/wp-content\/uploads\/2025\/12\/Flyer-LV-2022-Version2025.pdf\" target=\"_blank\" rel=\"noopener\"><img loading=\"lazy\" decoding=\"async\" class=\" wp-image-114 size-full alignleft\" src=\"http:\/\/wordpress.imkerverband-berlin.de\/wp-content\/uploads\/2015\/05\/PDF_Logoklein.jpg\" alt=\"PDF_Logoklein\" width=\"50\" height=\"50\" \/>Flyer des Imkerverband Berlin mit allen Berliner Mitgliedsvereinen<\/a><\/p>\n<p>&nbsp;<\/p>\n<p>&nbsp;<\/p>\n<p><a href=\"http:\/\/wordpress.imkerverband-berlin.de\/wp-content\/uploads\/2015\/05\/PDF_Logoklein.jpg\" target=\"_blank\" rel=\"https:\/\/wordpress.imkerverband-berlin.de\/wp-content\/uploads\/2019\/01\/geldauszahlung.pdf noopener noreferrer\"><img loading=\"lazy\" decoding=\"async\" class=\"alignleft wp-image-114 size-full\" src=\"https:\/\/wordpress.imkerverband-berlin.de\/wp-content\/uploads\/2015\/05\/PDF_Logoklein.jpg\" alt=\"PDF_Logoklein\" width=\"50\" height=\"50\" \/><\/a>Antrag auf Auszahlung von verauslagten Geldern<br \/>\n<a href=\"https:\/\/wordpress.imkerverband-berlin.de\/wp-content\/uploads\/2023\/03\/Antrag-auf-Auszahlung.pdf\" target=\"_blank\" rel=\"noopener noreferrer\">hier herunterladen!<\/a><\/p>\n<p>&nbsp;<\/p>\n<p><a href=\"https:\/\/wordpress.imkerverband-berlin.de\/wp-content\/uploads\/2019\/11\/Reisekostenabrechnung_LVBln.pdf\" target=\"_blank\" rel=\"https:\/\/wordpress.imkerverband-berlin.de\/wp-content\/uploads\/2019\/01\/geldauszahlung.pdf noopener noreferrer\"><img loading=\"lazy\" decoding=\"async\" class=\"alignleft wp-image-114 size-full\" src=\"https:\/\/wordpress.imkerverband-berlin.de\/wp-content\/uploads\/2015\/05\/PDF_Logoklein.jpg\" alt=\"PDF_Logoklein\" width=\"50\" height=\"50\" \/><\/a>Antrag auf Reisekostenabrechnung<br \/>\n<a href=\"https:\/\/wordpress.imkerverband-berlin.de\/wp-content\/uploads\/2022\/06\/Reiseabrechnung-20220623-.pdf\" target=\"_blank\" rel=\"noopener noreferrer\">hier herunterladen!<\/a><\/p>\n<p>&nbsp;<\/p>\n<p><img loading=\"lazy\" decoding=\"async\" class=\" size-full wp-image-114 alignleft\" src=\"http:\/\/wordpress.imkerverband-berlin.de\/wp-content\/uploads\/2015\/05\/PDF_Logoklein.jpg\" alt=\"PDF_Logoklein\" width=\"50\" height=\"50\" \/>Imkerverband Berlin e.V. &#8211; Ehrungen<br \/>\n<a href=\"https:\/\/wordpress.imkerverband-berlin.de\/wp-content\/uploads\/2024\/03\/Ehrenordnung2024.pdf\" target=\"_blank\" rel=\"noopener\">hier herunterladen!<\/a><\/p>\n<p>&nbsp;<\/p>\n<p><img loading=\"lazy\" decoding=\"async\" class=\" size-full wp-image-114 alignleft\" src=\"http:\/\/wordpress.imkerverband-berlin.de\/wp-content\/uploads\/2015\/05\/PDF_Logoklein.jpg\" alt=\"PDF_Logoklein\" width=\"50\" height=\"50\" \/>Versicherungsbedingungen zur Unfallversicherung ab 2016 (nur f\u00fcr Mitglieder des Imkerverband Berlin e.V.)<br \/>\n<a href=\"http:\/\/wordpress.imkerverband-berlin.de\/wp-content\/uploads\/2016\/01\/Unfall-IV-Berlin-ab-2016.pdf\" target=\"_blank\" rel=\"noopener noreferrer\">hier herunterladen<\/a><\/p>\n<p>&nbsp;<\/p>\n<p><a href=\"http:\/\/wordpress.imkerverband-berlin.de\/wp-content\/uploads\/2015\/05\/PDF_Logoklein.jpg\"><img loading=\"lazy\" decoding=\"async\" class=\" size-full wp-image-114 alignleft\" src=\"http:\/\/wordpress.imkerverband-berlin.de\/wp-content\/uploads\/2015\/05\/PDF_Logoklein.jpg\" alt=\"PDF_Logoklein\" width=\"50\" height=\"50\" \/><\/a>Versicherungsbedingungen zur Imkerglobalversicherung\u00a0 (nur f\u00fcr Mitglieder des Imkerverband Berlin e.V.)<br \/>\n<a href=\"https:\/\/wordpress.imkerverband-berlin.de\/wp-content\/uploads\/2025\/03\/2025-Global-IV-Berlin.pdf\" target=\"_blank\" rel=\"noopener noreferrer\">hier herunterladen!<\/a><\/p>\n<p>&nbsp;<\/p>\n<p><img loading=\"lazy\" decoding=\"async\" class=\" size-full wp-image-114 alignleft\" src=\"http:\/\/wordpress.imkerverband-berlin.de\/wp-content\/uploads\/2015\/05\/PDF_Logoklein.jpg\" alt=\"PDF_Logoklein\" width=\"50\" height=\"50\" \/> Beiblatt f\u00fcr den Honigwettbewerb<br \/>\n<a href=\"http:\/\/wordpress.imkerverband-berlin.de\/wp-content\/uploads\/2015\/10\/Beiblatt_Wettbewerb.pdf\" target=\"_blank\" rel=\"noopener noreferrer\">hier herunterladen!<\/a><\/p>\n<p>&nbsp;<\/p>\n<p>Bestellformular f\u00fcr Gew\u00e4hrverschl\u00fcsse mit Adresseindruck:<br \/>\n<a href=\"https:\/\/dib.free.resourcespace.com\/?r=3129&amp;k=90248306af\" target=\"_blank\" rel=\"noopener\">https:\/\/dib.free.resourcespace.com\/?r=3129&amp;k=90248306af<\/a><\/p>\n<p>Bestellformular f\u00fcr Gew\u00e4hrverschl\u00fcsse ohne Adresseindruck:<br \/>\n<a href=\"https:\/\/dib.free.resourcespace.com\/?r=3112&amp;k=b1cc895186\" target=\"_blank\" rel=\"noopener\">https:\/\/dib.free.resourcespace.com\/?r=3112&amp;k=b1cc895186<\/a><\/p>\n<p>&nbsp;<\/p>\n<p><strong>Anderes\/Sonstiges<\/strong><\/p>\n<p><img loading=\"lazy\" decoding=\"async\" class=\" wp-image-114 size-full alignleft\" src=\"http:\/\/wordpress.imkerverband-berlin.de\/wp-content\/uploads\/2015\/05\/PDF_Logoklein.jpg\" alt=\"PDF_Logoklein\" width=\"50\" height=\"50\" \/>Informationsblatt \u2013 Wie entnehme ich Futterkranzproben zur Untersuchung auf Amerikanische Faulbrut? <a href=\"http:\/\/wordpress.imkerverband-berlin.de\/wp-content\/uploads\/2015\/05\/Infoblatt_AFB2.pdf\" target=\"_blank\" rel=\"noopener noreferrer\">hier herunterladen!<\/a><\/p>\n<p>&nbsp;<\/p>\n<p><img loading=\"lazy\" decoding=\"async\" class=\" size-full wp-image-114 alignleft\" src=\"http:\/\/wordpress.imkerverband-berlin.de\/wp-content\/uploads\/2015\/05\/PDF_Logoklein.jpg\" alt=\"PDF_Logoklein\" width=\"50\" height=\"50\" \/> Faulbrutuntersuchung \u2013 Probeentnahmeprotokoll<br \/>\n<a href=\"http:\/\/wordpress.imkerverband-berlin.de\/wp-content\/uploads\/2015\/05\/Probenentnahmeprotokoll_2.pdf\" target=\"_blank\" rel=\"noopener noreferrer\">hier herunterladen!<\/a><\/p>\n<p>&nbsp;<\/p>\n<p><img loading=\"lazy\" decoding=\"async\" class=\" size-full wp-image-114 alignleft\" src=\"http:\/\/wordpress.imkerverband-berlin.de\/wp-content\/uploads\/2015\/05\/PDF_Logoklein.jpg\" alt=\"PDF_Logoklein\" width=\"50\" height=\"50\" \/>Brosch\u00fcre \u201eVarroa unter Kontrolle \u2013 wie wird\u00b4s gemacht?\u201c<br \/>\n<a href=\"http:\/\/wordpress.imkerverband-berlin.de\/wp-content\/uploads\/2015\/05\/broschuerevarroaunterkontrolle.pdf\" target=\"_blank\" rel=\"noopener noreferrer\">hier herunterladen!<\/a><\/p>\n<p>&nbsp;<\/p>\n<p><img loading=\"lazy\" decoding=\"async\" class=\" size-full wp-image-114 alignleft\" src=\"http:\/\/wordpress.imkerverband-berlin.de\/wp-content\/uploads\/2015\/05\/PDF_Logoklein.jpg\" alt=\"PDF_Logoklein\" width=\"50\" height=\"50\" \/>Deutscher Imkerbund e.V. &#8211; Richtlinien f\u00fcr Ehrungen<br \/>\n<a href=\"https:\/\/wordpress.imkerverband-berlin.de\/wp-content\/uploads\/2023\/10\/Richtlinien_ueber_die_Verleihungen_von_Ehrungen_2019.pdf\" target=\"_blank\" rel=\"noopener\">hier herunterladen!<\/a><\/p>\n<p>&nbsp;<\/p>\n<p><a href=\"http:\/\/wordpress.imkerverband-berlin.de\/wp-content\/uploads\/2015\/05\/PDF_Logoklein.jpg\"><img loading=\"lazy\" decoding=\"async\" class=\" size-full wp-image-114 alignleft\" src=\"http:\/\/wordpress.imkerverband-berlin.de\/wp-content\/uploads\/2015\/05\/PDF_Logoklein.jpg\" alt=\"PDF_Logoklein\" width=\"50\" height=\"50\" \/><\/a>Der DIB hat ein Merkblatt zum Verpackungsgesetz auf seiner Webpage eingestellt:<br \/>\n<a href=\"https:\/\/deutscherimkerbund.de\/userfiles\/downloads\/satzung_richtlinien\/Merkblatt_Verpackungsgesetz_2019_01_09_frei.pdf\" target=\"_blank\" rel=\"noopener noreferrer\">https:\/\/deutscherimkerbund.de\/userfiles\/downloads\/satzung_richtlinien\/Merkblatt_Verpackungsgesetz_2019_01_09_frei.pdf<\/a><\/p>\n<p>Um die Dokumente ansehen zu k\u00f6nnen, ben\u00f6tigen Sie das Programm Adobe Reader.<br \/>\nSie k\u00f6nnen es <a href=\"http:\/\/get.adobe.com\/de\/reader\" target=\"_blank\" rel=\"noopener noreferrer\">z. B. hier kostenlos herunterladen<\/a>!<\/p>\n","protected":false},"excerpt":{"rendered":"<p>Aus und zum Verband: Satzung des Imkerverband Berlin e.V. 2023 &nbsp; &nbsp; Flyer des Imkerverband Berlin mit allen Berliner Mitgliedsvereinen &nbsp; &nbsp; Antrag auf Auszahlung von verauslagten Geldern hier herunterladen! &nbsp; Antrag auf Reisekostenabrechnung hier herunterladen! &nbsp; Imkerverband Berlin e.V. &#8211; Ehrungen hier herunterladen! &nbsp; Versicherungsbedingungen zur Unfallversicherung ab 2016&hellip; <\/p>\n","protected":false},"author":1,"featured_media":0,"parent":0,"menu_order":0,"comment_status":"open","ping_status":"open","template":"","meta":{"footnotes":""},"class_list":["post-92","page","type-page","status-publish","hentry"],"publishpress_future_action":{"enabled":false,"date":"2026-05-09 02:41:45","action":"change-status","newStatus":"draft","terms":[],"taxonomy":"","extraData":[]},"publishpress_future_workflow_manual_trigger":{"enabledWorkflows":[]},"_links":{"self":[{"href":"https:\/\/wordpress.imkerverband-berlin.de\/index.php\/wp-json\/wp\/v2\/pages\/92","targetHints":{"allow":["GET"]}}],"collection":[{"href":"https:\/\/wordpress.imkerverband-berlin.de\/index.php\/wp-json\/wp\/v2\/pages"}],"about":[{"href":"https:\/\/wordpress.imkerverband-berlin.de\/index.php\/wp-json\/wp\/v2\/types\/page"}],"author":[{"embeddable":true,"href":"https:\/\/wordpress.imkerverband-berlin.de\/index.php\/wp-json\/wp\/v2\/users\/1"}],"replies":[{"embeddable":true,"href":"https:\/\/wordpress.imkerverband-berlin.de\/index.php\/wp-json\/wp\/v2\/comments?post=92"}],"version-history":[{"count":98,"href":"https:\/\/wordpress.imkerverband-berlin.de\/index.php\/wp-json\/wp\/v2\/pages\/92\/revisions"}],"predecessor-version":[{"id":3583,"href":"https:\/\/wordpress.imkerverband-berlin.de\/index.php\/wp-json\/wp\/v2\/pages\/92\/revisions\/3583"}],"wp:attachment":[{"href":"https:\/\/wordpress.imkerverband-berlin.de\/index.php\/wp-json\/wp\/v2\/media?parent=92"}],"curies":[{"name":"wp","href":"https:\/\/api.w.org\/{rel}","templated":true}]}}