{"id":55,"date":"2015-05-14T16:16:09","date_gmt":"2015-05-14T16:16:09","guid":{"rendered":"http:\/\/rstenfusenig.de\/wordpress\/?page_id=55"},"modified":"2026-01-30T22:47:29","modified_gmt":"2026-01-30T21:47:29","slug":"imkervereine","status":"publish","type":"page","link":"https:\/\/wordpress.imkerverband-berlin.de\/index.php\/imkervereine\/","title":{"rendered":"Imkervereine"},"content":{"rendered":"<p>Im Imkerverband Berlin sind 16 Imkervereine organisiert. \u00dcber 1200 Mitglieder betreuen unter unserem Dach \u00fcber 7000 Bienenv\u00f6lker (Stand: 10\/2017). Knapp ein Drittel der Mitglieder ist weiblich, das Durchschnittsalter liegt bei 57 Jahren.<\/p>\n<p>Auf dieser Seite sehen Sie alle im Imkerverband Berlin e. V. organisierten Vereine. Ein Klick bringt sie bei den meisten Vereinen zu den Webseiten. Dort wird unter anderem auch \u00fcber Schulungen und Lehrg\u00e4nge informiert.<\/p>\n<p><strong>Die Vereine auf einen Blick: &#8230;<\/strong><\/p>\n<div style=\"width: 47%; padding: 0 0px 0 0; float: left;\">\n<p>Imkerverein Charlottenburg-Wilmersdorf<br \/>\n<a href=\"http:\/\/www.imkerverein-berlin.de\" target=\"_blank\" rel=\"noopener\">www.imkerverein-berlin.de<\/a><\/p>\n<p>Imkerverein K\u00f6penick<br \/>\n<a href=\"http:\/\/www.imkerverein-koepenick.de\" target=\"_blank\" rel=\"noopener\">www.imkerverein-koepenick.de<\/a><\/p>\n<p>Imkerverein Kreuzberg e. V.<br \/>\n<a href=\"http:\/\/www.imkerverein-kreuzberg.de\" target=\"_blank\" rel=\"noopener\">www.imkerverein-kreuzberg.de<\/a><\/p>\n<p>Imkerverein Langstroth Berlin e. V.<br \/>\n<a href=\"http:\/\/www.imkerverein-langstroth-berlin.de\" target=\"_blank\" rel=\"noopener\">www.imkerverein-langstroth-berlin.de<\/a><\/p>\n<p>Imkerverein Lichtenrade e. V.<br \/>\n<a href=\"http:\/\/www.imkerverein-lichtenrade.de\" target=\"_blank\" rel=\"noopener\">www.imkerverein-lichtenrade.de<\/a><\/p>\n<p>Imkerverein Lichterfelde<br \/>\n<a href=\"http:\/\/imkerverein-berlin-lichterfelde.de\/\" target=\"_blank\" rel=\"noopener\">www.imkerverein-berlin-lichterfelde.de<\/a><\/p>\n<p>Berliner Imkerverein Neuk\u00f6lln 1923 e. V.<br \/>\n<a href=\"http:\/\/www.berliner-imkerverein-neukoelln.de\" target=\"_blank\" rel=\"noopener\">www.berliner-imkerverein-neukoelln.de\u00a0<\/a><\/p>\n<p>Imkerverein Bienenfreunde Pankow<br \/>\n<a href=\"http:\/\/www.imkervereinpankow.wordpress.com\" target=\"_blank\" rel=\"noopener\">imkervereinpankow.wordpress.com<\/a><\/p>\n<\/div>\n<div style=\"width: 47%; padding: 0 0px 0 0; float: right;\">\n<p>Imkerverein Reinickendorf-Mitte e. V.<br \/>\n<a href=\"http:\/\/www.imkerverein-reinickendorf-mitte.de\" target=\"_blank\" rel=\"noopener\">www.imkerverein-reinickendorf-mitte.de<\/a><\/p>\n<p>Berliner Imkerfreunde Rudow e. V.<br \/>\n<a href=\"http:\/\/www.imkerfreunde-rudow.de\" target=\"_blank\" rel=\"noopener\">www.imkerfreunde-rudow.de<\/a><\/p>\n<p>Imkerverein\u00a0Berlin-Spandau e.V.<br \/>\n<a href=\"http:\/\/www.imkerverein-spandau.de\" target=\"_blank\" rel=\"noopener\">www.imkerverein-spandau.de<\/a><\/p>\n<p>Imkerverein Berlin-Tempelhof<br \/>\n<a href=\"http:\/\/www.imkerverein-tempelhof.de\" target=\"_blank\" rel=\"noopener\">www.imkerverein-tempelhof.de<\/a><\/p>\n<p>Imkerverein Treptow<br \/>\n<a href=\"http:\/\/www.imkerverein-treptow.de\" target=\"_blank\" rel=\"noopener\">www.imkerverein-treptow.de<\/a><\/p>\n<p>Imkerverein Weissensee<br \/>\n<a href=\"http:\/\/www.imkerverein-weissensee.de\" target=\"_blank\" rel=\"noopener\">www.imkerverein-weissensee.de<\/a><br \/>\n<a href=\"mailto:web@imkerverein-weissensee.de\">web@imkerverein-weissensee.de<\/a><\/p>\n<p>Imkerverein Wuhletal 1865<br \/>\n<a href=\"http:\/\/www.imkerverein-wuhletal1864.de\" target=\"_blank\" rel=\"noopener\">www.imkerverein-wuhletal1864.de<\/a><\/p>\n<p>Imkerverein Berlin-Zehlendorf und Umgebung e. V.<br \/>\n<a href=\"http:\/\/www.ivbzuuev.de\" target=\"_blank\" rel=\"noopener\">www.ivbzuuev.de<\/a><\/p>\n<p><span style=\"color: #ff0000;\">\u00a0<\/span><\/p>\n<\/div>\n","protected":false},"excerpt":{"rendered":"<p>Im Imkerverband Berlin sind 16 Imkervereine organisiert. \u00dcber 1200 Mitglieder betreuen unter unserem Dach \u00fcber 7000 Bienenv\u00f6lker (Stand: 10\/2017). Knapp ein Drittel der Mitglieder ist weiblich, das Durchschnittsalter liegt bei 57 Jahren. Auf dieser Seite sehen Sie alle im Imkerverband Berlin e. V. organisierten Vereine. Ein Klick bringt sie bei&hellip; <\/p>\n","protected":false},"author":1,"featured_media":0,"parent":0,"menu_order":0,"comment_status":"open","ping_status":"open","template":"","meta":{"footnotes":""},"class_list":["post-55","page","type-page","status-publish","hentry"],"publishpress_future_action":{"enabled":false,"date":"2026-05-06 10:11:36","action":"change-status","newStatus":"draft","terms":[],"taxonomy":"","extraData":[]},"publishpress_future_workflow_manual_trigger":{"enabledWorkflows":[]},"_links":{"self":[{"href":"https:\/\/wordpress.imkerverband-berlin.de\/index.php\/wp-json\/wp\/v2\/pages\/55","targetHints":{"allow":["GET"]}}],"collection":[{"href":"https:\/\/wordpress.imkerverband-berlin.de\/index.php\/wp-json\/wp\/v2\/pages"}],"about":[{"href":"https:\/\/wordpress.imkerverband-berlin.de\/index.php\/wp-json\/wp\/v2\/types\/page"}],"author":[{"embeddable":true,"href":"https:\/\/wordpress.imkerverband-berlin.de\/index.php\/wp-json\/wp\/v2\/users\/1"}],"replies":[{"embeddable":true,"href":"https:\/\/wordpress.imkerverband-berlin.de\/index.php\/wp-json\/wp\/v2\/comments?post=55"}],"version-history":[{"count":131,"href":"https:\/\/wordpress.imkerverband-berlin.de\/index.php\/wp-json\/wp\/v2\/pages\/55\/revisions"}],"predecessor-version":[{"id":3641,"href":"https:\/\/wordpress.imkerverband-berlin.de\/index.php\/wp-json\/wp\/v2\/pages\/55\/revisions\/3641"}],"wp:attachment":[{"href":"https:\/\/wordpress.imkerverband-berlin.de\/index.php\/wp-json\/wp\/v2\/media?parent=55"}],"curies":[{"name":"wp","href":"https:\/\/api.w.org\/{rel}","templated":true}]}}