{"id":24,"date":"2015-05-14T16:04:17","date_gmt":"2015-05-14T16:04:17","guid":{"rendered":"http:\/\/rstenfusenig.de\/wordpress\/?page_id=24"},"modified":"2026-01-30T22:45:53","modified_gmt":"2026-01-30T21:45:53","slug":"schulungen","status":"publish","type":"page","link":"https:\/\/wordpress.imkerverband-berlin.de\/index.php\/schulungen\/","title":{"rendered":"Schulungen"},"content":{"rendered":"<div style=\"width: 49%; padding: 0 0px 0 0; float: left;\">\n<h3><\/h3>\n<p>Nur wer seine Bienen versteht, hat auch Spa\u00df an seinem Hobby. Daher ist eine gute Ausbildung f\u00fcr jeden wichtig, der sich ernsthaft mit dem Gedanken tr\u00e4gt, Bienen zu halten.<\/p>\n<p><strong>Imkern lernen im Verein \u2013 mehr Freude an den Bienen durch eine gute Ausbildung<br \/>\n<\/strong><\/p>\n<p>Die Imkervereine im Imkerverband Berlin bieten ein breites Angebot an verschiedenen Kursen. Dazu geh\u00f6ren:<\/p>\n<ul>\n<li>Eint\u00e4gige Schnupperkurse<\/li>\n<li>Theoretische Imkerkurse in den Wintermonaten<\/li>\n<li>Praktische Imkerkurse w\u00e4hrend der Bienensaison von April bis August<\/li>\n<li>Imkern auf Probe<\/li>\n<li>Kontakte zu Imkerpatinnen und \u2013paten<\/li>\n<\/ul>\n<p>\u00dcber die aktuellen Schulungen und Kurse informieren Sie sich bitte direkt <a href=\"http:\/\/wordpress.imkerverband-berlin.de\/index.php\/imkervereine-2\/\" target=\"_blank\" rel=\"noopener\">auf den Webseiten der Vereine<\/a>, oder Sie nutzen<br \/>\neinfach unsere <a href=\"https:\/\/wordpress.imkerverband-berlin.de\/wp-content\/uploads\/2026\/01\/Schulungskalender-2026.pdf\" target=\"_blank\" rel=\"noopener\">Zusammenstellung<\/a>.<\/p>\n<p>Die auf dieser Website zu findende \u00dcbersicht stellt nur eine zum Zeitpunkt der Erstellung aktuelle \u00dcbersicht dar &#8211; \u00c4nderungen und Erg\u00e4nzungen vorbehalten!<\/p>\n<p>Die Angebote richten sich an verschiedene Zielgruppen, z. B. Jugendliche, Erwachsene oder P\u00e4dagogen. Sie werden von ambitionierten Hobby-Imkern oder von professionellen Imkern angeboten.<\/p>\n<p>&nbsp;<\/p>\n<\/div>\n<div style=\"width: 49%; padding: 0 0px 0 0; float: right;\">\n<p><img loading=\"lazy\" decoding=\"async\" src=\"http:\/\/wordpress.imkerverband-berlin.de\/wp-content\/uploads\/2015\/05\/Schulungen2.jpg\" alt=\"Schulungen2\" width=\"600\" height=\"400\" \/><\/p>\n<p><strong>Angebote des Verbandes:<\/strong><\/p>\n<ul>\n<li>Einmal im Jahr bietet der Imkerverband die eint\u00e4gige Praxis-Schulung rund um das Thema \u201eHonig\u201c an. Dieser Lehrgang macht Sie fit f\u00fcr die Produktion und Vermarktung von Premium-Honig und der erfolgreiche Besuch berechtigt Sie, das Einheitsglas des Deutschen Imkerbundes nutzen zu d\u00fcrfen. So k\u00f6nnen Sie Ihren Honig dann als \u201eEchten Deutschen Honig\u201c (gesch\u00fctzte Marke) in den Verkehr bringen.<\/li>\n<li>Die Multiplikatorenschulungen des L\u00e4nderinstituts f\u00fcr Bienenkunde werden f\u00fcr einen begrenzten Teilnehmerkreis aus den Imkervereinen angeboten &#8211; bitte erkundigen Sie sich bei Interesse bei Ihrem Verein.<\/li>\n<\/ul>\n<\/div>\n<hr \/>\n<div style=\"clear: both;\"><\/div>\n<div style=\"width: 30%; padding: 0 0px 0 0; float: left;\">\n<p><img loading=\"lazy\" decoding=\"async\" src=\"http:\/\/wordpress.imkerverband-berlin.de\/wp-content\/uploads\/2015\/05\/Marc-Kohfink.jpg\" alt=\"Marc-Kohfink\" width=\"600\" height=\"400\" \/><\/p>\n<\/div>\n<div style=\"width: 65%; padding: 0 0px 0 0; float: right;\">\n<p>Ihr Ansprechpartner:<\/p>\n<p>Obmann \u201eSchulungen\u201c<br \/>\nDr. Marc-Wilhelm Kohfink (Imkerverein K\u00f6penick)<br \/>\nKarlsburger Weg 38, 12621 Berlin<br \/>\nTel.: 0173 2843956<br \/>\nE-Mail:\u00a0 <a href=\"mailto:schulung@imkerverband-berlin.de\">Schulung@imkerverband-berlin.de<\/a><\/p>\n<\/div>\n<div style=\"clear: both;\"><\/div>\n","protected":false},"excerpt":{"rendered":"<p>Nur wer seine Bienen versteht, hat auch Spa\u00df an seinem Hobby. Daher ist eine gute Ausbildung f\u00fcr jeden wichtig, der sich ernsthaft mit dem Gedanken tr\u00e4gt, Bienen zu halten. Imkern lernen im Verein \u2013 mehr Freude an den Bienen durch eine gute Ausbildung Die Imkervereine im Imkerverband Berlin bieten ein&hellip; <\/p>\n","protected":false},"author":1,"featured_media":0,"parent":0,"menu_order":0,"comment_status":"open","ping_status":"open","template":"","meta":{"footnotes":""},"class_list":["post-24","page","type-page","status-publish","hentry"],"publishpress_future_action":{"enabled":false,"date":"2026-05-08 04:33:02","action":"change-status","newStatus":"draft","terms":[],"taxonomy":"","extraData":[]},"publishpress_future_workflow_manual_trigger":{"enabledWorkflows":[]},"_links":{"self":[{"href":"https:\/\/wordpress.imkerverband-berlin.de\/index.php\/wp-json\/wp\/v2\/pages\/24","targetHints":{"allow":["GET"]}}],"collection":[{"href":"https:\/\/wordpress.imkerverband-berlin.de\/index.php\/wp-json\/wp\/v2\/pages"}],"about":[{"href":"https:\/\/wordpress.imkerverband-berlin.de\/index.php\/wp-json\/wp\/v2\/types\/page"}],"author":[{"embeddable":true,"href":"https:\/\/wordpress.imkerverband-berlin.de\/index.php\/wp-json\/wp\/v2\/users\/1"}],"replies":[{"embeddable":true,"href":"https:\/\/wordpress.imkerverband-berlin.de\/index.php\/wp-json\/wp\/v2\/comments?post=24"}],"version-history":[{"count":68,"href":"https:\/\/wordpress.imkerverband-berlin.de\/index.php\/wp-json\/wp\/v2\/pages\/24\/revisions"}],"predecessor-version":[{"id":3640,"href":"https:\/\/wordpress.imkerverband-berlin.de\/index.php\/wp-json\/wp\/v2\/pages\/24\/revisions\/3640"}],"wp:attachment":[{"href":"https:\/\/wordpress.imkerverband-berlin.de\/index.php\/wp-json\/wp\/v2\/media?parent=24"}],"curies":[{"name":"wp","href":"https:\/\/api.w.org\/{rel}","templated":true}]}}