{"id":2136,"date":"2019-09-20T14:40:54","date_gmt":"2019-09-20T12:40:54","guid":{"rendered":"https:\/\/wordpress.imkerverband-berlin.de\/?page_id=2136"},"modified":"2024-01-05T14:35:23","modified_gmt":"2024-01-05T13:35:23","slug":"bienengesundheit-ii","status":"publish","type":"page","link":"https:\/\/wordpress.imkerverband-berlin.de\/index.php\/bienengesundheit-ii\/","title":{"rendered":"Bienengesundheit &#8211; Varroa, AFB &#038; Co."},"content":{"rendered":"<div>\n<p><a href=\"http:\/\/wordpress.imkerverband-berlin.de\/wp-content\/uploads\/2015\/05\/mann1.jpg\"><img loading=\"lazy\" decoding=\"async\" class=\"alignnone wp-image-236\" src=\"http:\/\/wordpress.imkerverband-berlin.de\/wp-content\/uploads\/2015\/05\/mann1.jpg\" alt=\"mann\" width=\"197\" height=\"131\" srcset=\"https:\/\/wordpress.imkerverband-berlin.de\/wp-content\/uploads\/2015\/05\/mann1.jpg 600w, https:\/\/wordpress.imkerverband-berlin.de\/wp-content\/uploads\/2015\/05\/mann1-300x200.jpg 300w, https:\/\/wordpress.imkerverband-berlin.de\/wp-content\/uploads\/2015\/05\/mann1-225x150.jpg 225w, https:\/\/wordpress.imkerverband-berlin.de\/wp-content\/uploads\/2015\/05\/mann1-150x100.jpg 150w\" sizes=\"auto, (max-width: 197px) 100vw, 197px\" \/><\/a><\/p>\n<\/div>\n<div><\/div>\n<div>\n<p>Ihr Ansprechpartner:<\/p>\n<p>Obmann \u201eBienengesundheit\u201c<br \/>\nHans Blumhoff<br \/>\n0171 335 53 53<br \/>\nE-Mail:\u00a0<a href=\"mailto:bienengesundheit@imkerverband-berlin.de\">bienengesundheit@imkerverband-berlin.de<\/a><\/p>\n<\/div>\n<div>\n<p>Wir Imkerinnen und Imker freuen uns \u00fcber gesunde Bienen und wollen verhindern, dass sie an Krankheiten wie der Amerikanischen Faulbrut oder an der durch Milben \u00fcbetragenen Varroose erkranken.<\/p>\n<p>Wenn die Berliner Imkerschaft mehr zu diesen Themen wissen will, ist sie beim Obmann Bienengesundheit richtig. Er tauscht sich st\u00e4ndig mit der Forschung aus und teilt sein Wissen regelm\u00e4\u00dfig in Vortr\u00e4gen bei Vereinen (zum Beispiel zu Amerikanscher Faulbrut, Kleinem Beutenk\u00e4fer oder Bienengesundheit allgemein). Der Obmann ist Bindeglied und Vermittler zwischen Imkern, Wissenschaft und Beh\u00f6rden (Amtsveterin\u00e4ren).<\/p>\n<\/div>\n<p><a href=\"http:\/\/wordpress.imkerverband-berlin.de\/wp-content\/uploads\/2015\/05\/biene1.jpg\"><img loading=\"lazy\" decoding=\"async\" class=\"\" src=\"http:\/\/wordpress.imkerverband-berlin.de\/wp-content\/uploads\/2015\/05\/biene1.jpg\" alt=\"biene1\" width=\"306\" height=\"212\" \/><\/a><\/p>\n<p>&nbsp;<\/p>\n<div>\n<p><strong>Varroose \/ Varroamilbe<\/strong><\/p>\n<p>Dieser Parasit wurde erst vor wenigen Jahrzehnten nach Europa eingeschleppt, hat sich aber rasant verbreitet und l\u00e4sst sich heute in praktisch allen Bienenv\u00f6lkern finden. Neben der \u201eklassischen\u201c Bek\u00e4mpfung zum Beispiel mit S\u00e4uren gibt es auch einige kreative neue Ans\u00e4tze wie zum Beispiel Hyperthermie (\u201eBienensauna\u201c) oder die Besetzung von Beuten mit dem B\u00fccherskorpion, einem Feind der Milbe. Der Obmann begleitet diese Ans\u00e4tze unvoreingenommen und informiert Interessierte gerne dar\u00fcber.<\/p>\n<p><img loading=\"lazy\" decoding=\"async\" class=\" size-full wp-image-114 alignleft\" src=\"http:\/\/wordpress.imkerverband-berlin.de\/wp-content\/uploads\/2015\/05\/PDF_Logoklein.jpg\" alt=\"PDF_Logoklein\" width=\"50\" height=\"50\" \/>Brosch\u00fcre \u201eVarroa unter Kontrolle \u2013 wie wird\u00b4s gemacht?\u201c<br \/>\n<a href=\"http:\/\/wordpress.imkerverband-berlin.de\/wp-content\/uploads\/2015\/05\/broschuerevarroaunterkontrolle.pdf\" target=\"_blank\" rel=\"noopener noreferrer\">hier herunterladen!<\/a><\/p>\n<\/div>\n<div>\n<p><strong>Amerikanische Faulbrut<\/strong><\/p>\n<p>Wenn diese anzeigepflichtige Tierseuche festgestellt wird, muss der Bienenstand aufw\u00e4ndig saniert werden. Das ist unabdingbar, aber nat\u00fcrlich eine gro\u00dfe Belastung f\u00fcr den betroffenen Imker. Der Obmann vermittelt in solchen F\u00e4llen zwischen Amtsveterin\u00e4ren und Imker\/innen. Au\u00dferdem verf\u00fcgt der Verband \u00fcber ein Seuchenmobil, mit dem betroffene Bienenst\u00e4nde saniert werden k\u00f6nnen.<\/p>\n<p>Besser ist es aber nat\u00fcrlich, wenn es gar nicht erst soweit kommt.<\/p>\n<p><img loading=\"lazy\" decoding=\"async\" class=\" wp-image-114 size-full alignleft\" src=\"http:\/\/wordpress.imkerverband-berlin.de\/wp-content\/uploads\/2015\/05\/PDF_Logoklein.jpg\" alt=\"PDF_Logoklein\" width=\"50\" height=\"50\" \/>Informationsblatt \u2013 \u201eWie entnehme ich Futterkranzproben?\u201c <a href=\"http:\/\/wordpress.imkerverband-berlin.de\/wp-content\/uploads\/2015\/05\/Infoblatt_AFB2.pdf\" target=\"_blank\" rel=\"noopener noreferrer\">hier herunterladen!<br \/>\n<\/a><br \/>\n<img loading=\"lazy\" decoding=\"async\" class=\" size-full wp-image-114 alignleft\" src=\"http:\/\/wordpress.imkerverband-berlin.de\/wp-content\/uploads\/2015\/05\/PDF_Logoklein.jpg\" alt=\"PDF_Logoklein\" width=\"50\" height=\"50\" \/> Faulbrutuntersuchung \u2013 Probeentnahmeprotokoll<br \/>\n<a href=\"http:\/\/wordpress.imkerverband-berlin.de\/wp-content\/uploads\/2015\/05\/Probenentnahmeprotokoll_2.pdf\" target=\"_blank\" rel=\"noopener noreferrer\">hier herunterladen!<\/a><\/p>\n<p><strong> Amtsveterin\u00e4re<\/strong><\/p>\n<p>Sie m\u00fcssen Ihre Bienen beim zust\u00e4ndigen Amtsveterin\u00e4r, also in dem Bezirk, in dem die V\u00f6lker stehen, anmelden!<\/p>\n<\/div>\n<div><\/div>\n<div><\/div>\n<div><\/div>\n<hr \/>\n<div>\n<p>&nbsp;<\/p>\n<\/div>\n<div><\/div>\n","protected":false},"excerpt":{"rendered":"<p>Ihr Ansprechpartner: Obmann \u201eBienengesundheit\u201c Hans Blumhoff 0171 335 53 53 E-Mail:\u00a0bienengesundheit@imkerverband-berlin.de Wir Imkerinnen und Imker freuen uns \u00fcber gesunde Bienen und wollen verhindern, dass sie an Krankheiten wie der Amerikanischen Faulbrut oder an der durch Milben \u00fcbetragenen Varroose erkranken. Wenn die Berliner Imkerschaft mehr zu diesen Themen wissen will, ist&hellip; <\/p>\n","protected":false},"author":1,"featured_media":0,"parent":0,"menu_order":0,"comment_status":"closed","ping_status":"closed","template":"","meta":{"footnotes":""},"class_list":["post-2136","page","type-page","status-publish","hentry"],"publishpress_future_action":{"enabled":false,"date":"2026-05-09 10:45:44","action":"change-status","newStatus":"draft","terms":[],"taxonomy":"","extraData":[]},"publishpress_future_workflow_manual_trigger":{"enabledWorkflows":[]},"_links":{"self":[{"href":"https:\/\/wordpress.imkerverband-berlin.de\/index.php\/wp-json\/wp\/v2\/pages\/2136","targetHints":{"allow":["GET"]}}],"collection":[{"href":"https:\/\/wordpress.imkerverband-berlin.de\/index.php\/wp-json\/wp\/v2\/pages"}],"about":[{"href":"https:\/\/wordpress.imkerverband-berlin.de\/index.php\/wp-json\/wp\/v2\/types\/page"}],"author":[{"embeddable":true,"href":"https:\/\/wordpress.imkerverband-berlin.de\/index.php\/wp-json\/wp\/v2\/users\/1"}],"replies":[{"embeddable":true,"href":"https:\/\/wordpress.imkerverband-berlin.de\/index.php\/wp-json\/wp\/v2\/comments?post=2136"}],"version-history":[{"count":8,"href":"https:\/\/wordpress.imkerverband-berlin.de\/index.php\/wp-json\/wp\/v2\/pages\/2136\/revisions"}],"predecessor-version":[{"id":3169,"href":"https:\/\/wordpress.imkerverband-berlin.de\/index.php\/wp-json\/wp\/v2\/pages\/2136\/revisions\/3169"}],"wp:attachment":[{"href":"https:\/\/wordpress.imkerverband-berlin.de\/index.php\/wp-json\/wp\/v2\/media?parent=2136"}],"curies":[{"name":"wp","href":"https:\/\/api.w.org\/{rel}","templated":true}]}}