{"id":154,"date":"2015-05-16T12:49:03","date_gmt":"2015-05-16T12:49:03","guid":{"rendered":"http:\/\/rstenfusenig.de\/wordpress\/?page_id=154"},"modified":"2022-08-26T13:47:38","modified_gmt":"2022-08-26T11:47:38","slug":"wanderung-nach-berlin","status":"publish","type":"page","link":"https:\/\/wordpress.imkerverband-berlin.de\/index.php\/wanderung-nach-berlin\/","title":{"rendered":"Wanderung nach Berlin"},"content":{"rendered":"<div style=\"width: 49%; padding: 0 0px 0 0; float: left;\">\n<p><img loading=\"lazy\" decoding=\"async\" src=\"http:\/\/wordpress.imkerverband-berlin.de\/wp-content\/uploads\/2015\/05\/RTEmagicC_Wanderung.JPG.jpg\" alt=\"RTEmagicC_Wanderung.JPG\" width=\"300\" height=\"225\" \/><\/p>\n<p>Berlin ist nicht nur ein beliebtes Ziel f\u00fcr Touristen aus aller Welt, sondern auch f\u00fcr Imkerinnen und Imker aus anderen Bundesl\u00e4ndern. Allj\u00e4hrlich wandern viele von ihnen in die Hauptstadt, damit ihre Bienen die \u00fcber 150.000 Linden anfliegen k\u00f6nnen. Die Berliner Imker freuen sich \u00fcber Besuch, es gibt aber auch ein paar Punkte zu beachten:<\/p>\n<ul>\n<li>Ben\u00f6tigt wird eine<strong> Seuchenfreiheits- bzw. Amtstier\u00e4rztliche Bescheinigung<\/strong> aus der hervorgeht, dass die Bienen frei von Amerikanischer Faulbrut sind und der Herkunftsort nicht in einem Sperrbezirk liegt\n<ul>\n<li><em>zu beantragen beim Amtstierarzt des Kreises, in dem sich die Bienenv\u00f6lker bisher befinden<\/em><\/li>\n<li><em>nicht vor dem 1. 9. des vorhergehenden Jahres ausgestellt und nicht \u00e4lter als neun Monate<\/em><\/li>\n<li><em>sp\u00e4testens unmittelbar nach dem Anwandern an den Amtstierarzt des Berliner Bezirkes zu schicken, in dem sich die Bienen nun befinden<\/em><\/li>\n<\/ul>\n<\/li>\n<\/ul>\n<\/div>\n<div style=\"width: 49%; padding: 0 0px 0 0; float: right;\">\n<ul>\n<li>Es ist verboten, in <strong>Faulbrutsperrbezirke<\/strong> zu wandern. Informieren Sie sich bitte vorher auf dieser Webseite oder beim Wander-Obmann \u00fcber bestehende Sperrbezirke<\/li>\n<li>Am Bienenstand muss ein <strong>Schild<\/strong> mit Name und Anschrift des Imkers sowie der Zahl der Bienenv\u00f6lker angebracht werden<\/li>\n<li>Nat\u00fcrlich sollten Sie auch die<strong> Genehmigung zur Aufstellung der V\u00f6lker<\/strong> <strong>vom Grundst\u00fcckseigent\u00fcmer<\/strong> in Berlin haben<\/li>\n<li>Bitte nehmen Sie <strong>Kontakt mit dem \u00f6rtlichen Imkerverein<\/strong> auf und nehmen Sie ggf. R\u00fccksicht auf Imker in der N\u00e4he<\/li>\n<\/ul>\n<p>Siehe dazu auch <a href=\"http:\/\/www.gesetze-im-internet.de\/bienseuchv\/\" target=\"_blank\" rel=\"noopener\">Bienenseuchenverordnung (BienSeuchV)<\/a>, besonders \u00a7 5, \u00a7 5a, \u00a7 11)<\/p>\n<p>Ausf\u00fchrliche Informationen zur Wanderung nach Berlin und zu den Rechtsgrundlagen, Sicherheitsma\u00dfnahmen und sonstigen Vorschriften finden Sie auch in einem Infoblatt der Senatsverwaltung f\u00fcr Jutiz und Verbraucherschutz, <a href=\"http:\/\/wordpress.imkerverband-berlin.de\/wp-content\/uploads\/2015\/11\/Bienenhaltung-in-Berlin.pdf\" target=\"_blank\" rel=\"noopener\">das Sie hier herunterladen k\u00f6nnen<\/a>.<\/p>\n<p>&nbsp;<\/p>\n<\/div>\n<hr \/>\n<div style=\"clear: both;\"><\/div>\n<div style=\"width: 30%; padding: 0 0px 0 0; float: left;\"><\/div>\n<div style=\"clear: both;\"><\/div>\n","protected":false},"excerpt":{"rendered":"<p>Berlin ist nicht nur ein beliebtes Ziel f\u00fcr Touristen aus aller Welt, sondern auch f\u00fcr Imkerinnen und Imker aus anderen Bundesl\u00e4ndern. Allj\u00e4hrlich wandern viele von ihnen in die Hauptstadt, damit ihre Bienen die \u00fcber 150.000 Linden anfliegen k\u00f6nnen. Die Berliner Imker freuen sich \u00fcber Besuch, es gibt aber auch ein&hellip; <\/p>\n","protected":false},"author":1,"featured_media":0,"parent":0,"menu_order":0,"comment_status":"closed","ping_status":"closed","template":"","meta":{"footnotes":""},"class_list":["post-154","page","type-page","status-publish","hentry"],"publishpress_future_action":{"enabled":false,"date":"2026-05-08 08:27:30","action":"change-status","newStatus":"draft","terms":[],"taxonomy":"","extraData":[]},"publishpress_future_workflow_manual_trigger":{"enabledWorkflows":[]},"_links":{"self":[{"href":"https:\/\/wordpress.imkerverband-berlin.de\/index.php\/wp-json\/wp\/v2\/pages\/154","targetHints":{"allow":["GET"]}}],"collection":[{"href":"https:\/\/wordpress.imkerverband-berlin.de\/index.php\/wp-json\/wp\/v2\/pages"}],"about":[{"href":"https:\/\/wordpress.imkerverband-berlin.de\/index.php\/wp-json\/wp\/v2\/types\/page"}],"author":[{"embeddable":true,"href":"https:\/\/wordpress.imkerverband-berlin.de\/index.php\/wp-json\/wp\/v2\/users\/1"}],"replies":[{"embeddable":true,"href":"https:\/\/wordpress.imkerverband-berlin.de\/index.php\/wp-json\/wp\/v2\/comments?post=154"}],"version-history":[{"count":39,"href":"https:\/\/wordpress.imkerverband-berlin.de\/index.php\/wp-json\/wp\/v2\/pages\/154\/revisions"}],"predecessor-version":[{"id":2871,"href":"https:\/\/wordpress.imkerverband-berlin.de\/index.php\/wp-json\/wp\/v2\/pages\/154\/revisions\/2871"}],"wp:attachment":[{"href":"https:\/\/wordpress.imkerverband-berlin.de\/index.php\/wp-json\/wp\/v2\/media?parent=154"}],"curies":[{"name":"wp","href":"https:\/\/api.w.org\/{rel}","templated":true}]}}