{"id":14,"date":"2015-05-14T16:02:17","date_gmt":"2015-05-14T16:02:17","guid":{"rendered":"http:\/\/rstenfusenig.de\/wordpress\/?page_id=14"},"modified":"2022-07-21T15:23:14","modified_gmt":"2022-07-21T13:23:14","slug":"themen","status":"publish","type":"page","link":"https:\/\/wordpress.imkerverband-berlin.de\/index.php\/themen\/","title":{"rendered":"Themen"},"content":{"rendered":"<p>Hier finden Sie Informationen zu unseren Leistungen und die zust\u00e4ndigen Obleute\/Ansprechpartner:<\/p>\n<ul>\n<li><a href=\"http:\/\/wordpress.imkerverband-berlin.de\/index.php\/beobachtung\/\">Beobachtung<\/a><\/li>\n<li><a href=\"http:\/\/wordpress.imkerverband-berlin.de\/index.php\/bienengesundheit\/\">Bienengesundheit<\/a><\/li>\n<li><a href=\"http:\/\/wordpress.imkerverband-berlin.de\/index.php\/bienenweide\/\">Bienenweide und Umwelt<\/a><\/li>\n<li><a href=\"http:\/\/wordpress.imkerverband-berlin.de\/index.php\/gerate\/\">Ger\u00e4te<\/a><\/li>\n<li><a href=\"http:\/\/wordpress.imkerverband-berlin.de\/index.php\/honigqualitaet-und-kontrolle\/\">Honigqualit\u00e4t und -kontrolle<\/a><\/li>\n<li><a href=\"http:\/\/wordpress.imkerverband-berlin.de\/index.php\/rechtsfragen\/\">Rechtsfragen<\/a><\/li>\n<li><a href=\"http:\/\/wordpress.imkerverband-berlin.de\/index.php\/schulungen\/\">Schulungen<\/a><\/li>\n<li><a href=\"http:\/\/wordpress.imkerverband-berlin.de\/index.php\/schwarmfanger\/\">Schwarmf\u00e4nger<\/a><\/li>\n<li><a href=\"http:\/\/wordpress.imkerverband-berlin.de\/index.php\/wanderung-nach-berlin\/\">Wanderung nach Berlin<\/a><\/li>\n<li><a href=\"http:\/\/wordpress.imkerverband-berlin.de\/index.php\/zucht\/\">Zucht und Belegstand Tegel<\/a><\/li>\n<\/ul>\n","protected":false},"excerpt":{"rendered":"<p>Hier finden Sie Informationen zu unseren Leistungen und die zust\u00e4ndigen Obleute\/Ansprechpartner: Beobachtung Bienengesundheit Bienenweide und Umwelt Ger\u00e4te Honigqualit\u00e4t und -kontrolle Rechtsfragen Schulungen Schwarmf\u00e4nger Wanderung nach Berlin Zucht und Belegstand Tegel<\/p>\n","protected":false},"author":1,"featured_media":0,"parent":0,"menu_order":0,"comment_status":"open","ping_status":"open","template":"","meta":{"footnotes":""},"class_list":["post-14","page","type-page","status-publish","hentry"],"publishpress_future_action":{"enabled":false,"date":"2026-05-09 03:43:09","action":"change-status","newStatus":"draft","terms":[],"taxonomy":"","extraData":[]},"publishpress_future_workflow_manual_trigger":{"enabledWorkflows":[]},"_links":{"self":[{"href":"https:\/\/wordpress.imkerverband-berlin.de\/index.php\/wp-json\/wp\/v2\/pages\/14","targetHints":{"allow":["GET"]}}],"collection":[{"href":"https:\/\/wordpress.imkerverband-berlin.de\/index.php\/wp-json\/wp\/v2\/pages"}],"about":[{"href":"https:\/\/wordpress.imkerverband-berlin.de\/index.php\/wp-json\/wp\/v2\/types\/page"}],"author":[{"embeddable":true,"href":"https:\/\/wordpress.imkerverband-berlin.de\/index.php\/wp-json\/wp\/v2\/users\/1"}],"replies":[{"embeddable":true,"href":"https:\/\/wordpress.imkerverband-berlin.de\/index.php\/wp-json\/wp\/v2\/comments?post=14"}],"version-history":[{"count":6,"href":"https:\/\/wordpress.imkerverband-berlin.de\/index.php\/wp-json\/wp\/v2\/pages\/14\/revisions"}],"predecessor-version":[{"id":2867,"href":"https:\/\/wordpress.imkerverband-berlin.de\/index.php\/wp-json\/wp\/v2\/pages\/14\/revisions\/2867"}],"wp:attachment":[{"href":"https:\/\/wordpress.imkerverband-berlin.de\/index.php\/wp-json\/wp\/v2\/media?parent=14"}],"curies":[{"name":"wp","href":"https:\/\/api.w.org\/{rel}","templated":true}]}}