{"id":11,"date":"2015-05-14T16:01:24","date_gmt":"2015-05-14T14:01:24","guid":{"rendered":"http:\/\/rstenfusenig.de\/wordpress\/?page_id=11"},"modified":"2024-03-24T10:12:45","modified_gmt":"2024-03-24T09:12:45","slug":"der-verband","status":"publish","type":"page","link":"https:\/\/wordpress.imkerverband-berlin.de\/index.php\/der-verband\/","title":{"rendered":"Der Verband"},"content":{"rendered":"<div style=\"width: 49%; padding: 0 0px 0 0; float: left;\">\n<p>Der Imkerverband Berlin ist die Dachorganisation von 17 <a href=\"http:\/\/wordpress.imkerverband-berlin.de\/index.php\/imkervereine-2\/\">Imkervereinen in der Metropolregion Berlin<\/a>. Wir sind selbst Mitglied des Deutschen Imkerbund e.V. (<a href=\"https:\/\/deutscherimkerbund.de\/\" target=\"_blank\" rel=\"noopener\">https:\/\/deutscherimkerbund.de<\/a>)<\/p>\n<p>Durch die Mitgliedschaft in einem unserer Imkervereine hat jeder Imker Zugang zu wertvollem Imkerwissen, einem umfangreichen Versicherungspaket rund um die Imkerei und Kontakte zu Gleichgesinnten.<\/p>\n<p>So macht Imkern Freude. Bienen sind ein St\u00fcck Natur mitten in der Stadt, die sich auf kleinsten Fl\u00e4chen halten lassen, Naturerfahrungen und ein wertvolles Lebensmittel liefern.<\/p>\n<\/div>\n<div style=\"width: 49%; padding: 0 0px 0 0; float: right;\">\n<p>Auf der Website des Berliner Imkerverbandes k\u00f6nnen Sie unsere Mitgliedsvereine treffen, sich \u00fcber die uns aktuell bewegenden Themen und Schulungsangebote informieren und Ansprechpartner finden!<\/p>\n<p>In diesem Sinne: Lassen Sie es summen!<\/p>\n<p>Dr. Melanie von Orlow, 1. Vorsitzende<\/p>\n<\/div>\n<p>&nbsp;<\/p>\n<p>&nbsp;<\/p>\n<p>&nbsp;<\/p>\n<p>&nbsp;<\/p>\n<p>&nbsp;<\/p>\n<p><span style=\"color: #ff0000;\"><em><span style=\"color: #000000;\">\u00a0<\/span><\/em><\/span><\/p>\n<p>&nbsp;<\/p>\n<p>&nbsp;<\/p>\n<p>&nbsp;<\/p>\n<blockquote><p><strong><em>Faszination Bienen &#8211; Leitbild des Imkerverbandes Berlin e. V.\u00a0 <\/em><\/strong><\/p>\n<p><em>Wir sind die Spezialisten f\u00fcr Bienenhaltung in der Hauptstadt und sorgen f\u00fcr bl\u00fchende Nachbarschaften. Die Gesundheit aller Bienen liegt uns am Herzen. <\/em><em>Unsere Bienenprodukte entstehen mit Sorgfalt und in bester Qualit\u00e4t. Vielfalt und Toleranz pr\u00e4gen unser Verbandsleben.<\/em><\/p>\n<p>Als Verband der Hauptstadtimkernden engagieren wir uns f\u00fcr mehr Diversit\u00e4t der heimischen Wild- und Kulturpflanzen unserer Stadtnatur und f\u00fcr den Erhalt der Lebensr\u00e4ume aller Best\u00e4uber. Wir sind uns bewusst, dass Honigbienen, wie alle Best\u00e4uber, menschengemachten Gefahren ausgesetzt sind. Auch durch eine achtsame Bienenhaltung leisten wir einen wichtigen Beitrag gegen diese Entwicklung. Gleichzeitig leisten Bienen mit der Best\u00e4ubung zahlreicher heimischer Wild- und Kulturpflanzen einen wichtigen Beitrag zur Erhaltung der Artenvielfalt. Sie sind essenziell wichtig f\u00fcr die Fortpflanzung vieler Pflanzen, was wiederum \u00d6kosysteme st\u00e4rkt und somit einen Beitrag im Kampf gegen den Klimawandel leistet.<\/p>\n<p>Sanftm\u00fctige Bienenz\u00fcchtungen und unsere nachbarschaftsfreundlichen Betriebsweisen haben wesentlich zur gro\u00dfen Akzeptanz der urbanen Imkerei beigetragen. Wir betreiben unsere Bienenst\u00e4nde und Wildbienenhabitate in Berliner G\u00e4rten, auf Brachen und D\u00e4chern, an Schulen, Kinder- und Jugendeinrichtungen, Friedh\u00f6fen, bei Wohnungsbaugesellschaften und bei Unternehmen &#8211; immer sichtbar und erreichbar.<\/p>\n<p>Mit Honig, Propolis, Pollen und Wachs schaffen wir lokale, gesunde und unbelastete Kraftnahrung und Naturheilmittel.<\/p>\n<p>Der Imkerverband Berlin ist Mitglied im Deutschen Imkerbund und vertritt die Interessen der st\u00e4dtischen Imkernden. Unsere offene und tolerante Weltanschauung spiegelt sich in der Vielfalt unserer Mitglieder und in den unterschiedlichen Betriebsweisen der Imkereien wider. Die Imkernden in unseren Vereinen halten Bienen vor allem in ihrer Freizeit und als Hobby.<\/p>\n<p>Unsere Konzepte f\u00fcr die F\u00f6rderung der Vitalit\u00e4t und Gesundheit der Bienenv\u00f6lker entwickeln wir stetig weiter. Dabei setzen wir uns f\u00fcr biotechnische, \u00f6kologische und tiergerechte Verfahren ein und helfen technisch mit unserem Gesundheitsmobil.<\/p>\n<p>Wir verstehen uns als Dienstleister f\u00fcr unsere Mitgliedsvereine und unterst\u00fctzen durch Vernetzung, Austausch und ein vielf\u00e4ltiges Bildungsangebot. Im Verband und in den einzelnen Vereinen bilden wir jedes Jahr Interessierte in Theorie und Praxis der Bienenhaltung aus. Zusammen bieten wir ein breites Spektrum an Veranstaltungen, Besichtigungen und Fachvortr\u00e4gen \u00fcber zeitgem\u00e4\u00dfe urbane Bienenhaltung in Berlin an. Wichtige Lerninhalte sind f\u00fcr uns die Bienengesundheit, Bienenzucht, Bienenweide, Qualit\u00e4tshonig nach DIB-Standard, Honigvermarktung und eine gute fachliche Praxis mit hoher \u00f6kologischer Auswirkung.<\/p>\n<p>(Beschlossen auf der Vertreterversammlung am 16.3.2024)<\/p><\/blockquote>\n<p>&nbsp;<\/p>\n<p>&nbsp;<\/p>\n","protected":false},"excerpt":{"rendered":"<p>Der Imkerverband Berlin ist die Dachorganisation von 17 Imkervereinen in der Metropolregion Berlin. Wir sind selbst Mitglied des Deutschen Imkerbund e.V. (https:\/\/deutscherimkerbund.de) Durch die Mitgliedschaft in einem unserer Imkervereine hat jeder Imker Zugang zu wertvollem Imkerwissen, einem umfangreichen Versicherungspaket rund um die Imkerei und Kontakte zu Gleichgesinnten. So macht Imkern&hellip; <\/p>\n","protected":false},"author":1,"featured_media":0,"parent":0,"menu_order":0,"comment_status":"closed","ping_status":"closed","template":"","meta":{"footnotes":""},"class_list":["post-11","page","type-page","status-publish","hentry"],"publishpress_future_action":{"enabled":false,"date":"2026-05-06 09:14:33","action":"change-status","newStatus":"draft","terms":[],"taxonomy":"","extraData":[]},"publishpress_future_workflow_manual_trigger":{"enabledWorkflows":[]},"_links":{"self":[{"href":"https:\/\/wordpress.imkerverband-berlin.de\/index.php\/wp-json\/wp\/v2\/pages\/11","targetHints":{"allow":["GET"]}}],"collection":[{"href":"https:\/\/wordpress.imkerverband-berlin.de\/index.php\/wp-json\/wp\/v2\/pages"}],"about":[{"href":"https:\/\/wordpress.imkerverband-berlin.de\/index.php\/wp-json\/wp\/v2\/types\/page"}],"author":[{"embeddable":true,"href":"https:\/\/wordpress.imkerverband-berlin.de\/index.php\/wp-json\/wp\/v2\/users\/1"}],"replies":[{"embeddable":true,"href":"https:\/\/wordpress.imkerverband-berlin.de\/index.php\/wp-json\/wp\/v2\/comments?post=11"}],"version-history":[{"count":43,"href":"https:\/\/wordpress.imkerverband-berlin.de\/index.php\/wp-json\/wp\/v2\/pages\/11\/revisions"}],"predecessor-version":[{"id":3225,"href":"https:\/\/wordpress.imkerverband-berlin.de\/index.php\/wp-json\/wp\/v2\/pages\/11\/revisions\/3225"}],"wp:attachment":[{"href":"https:\/\/wordpress.imkerverband-berlin.de\/index.php\/wp-json\/wp\/v2\/media?parent=11"}],"curies":[{"name":"wp","href":"https:\/\/api.w.org\/{rel}","templated":true}]}}